{"id":3015,"date":"2022-04-06T12:42:25","date_gmt":"2022-04-06T10:42:25","guid":{"rendered":"https:\/\/musubi-nima.com\/?page_id=3015"},"modified":"2022-04-18T14:13:17","modified_gmt":"2022-04-18T12:13:17","slug":"elementor-3015","status":"publish","type":"page","link":"https:\/\/musubi-nima.com\/index.php\/elementor-3015\/","title":{"rendered":"Mentions l\u00e9gales"},"content":{"rendered":"\t\t<div data-elementor-type=\"wp-page\" data-elementor-id=\"3015\" class=\"elementor elementor-3015\">\n\t\t\t\t\t\t\t\t\t<section class=\"elementor-section elementor-top-section elementor-element elementor-element-191d13c elementor-section-height-min-height elementor-section-boxed elementor-section-height-default elementor-section-items-middle\" data-id=\"191d13c\" data-element_type=\"section\">\n\t\t\t\t\t\t<div class=\"elementor-container elementor-column-gap-default\">\n\t\t\t\t\t<div class=\"elementor-column elementor-col-100 elementor-top-column elementor-element elementor-element-fc37d2f\" data-id=\"fc37d2f\" data-element_type=\"column\">\n\t\t\t<div class=\"elementor-widget-wrap\">\n\t\t\t\t\t\t\t\t\t<\/div>\n\t\t<\/div>\n\t\t\t\t\t\t\t<\/div>\n\t\t<\/section>\n\t\t\t\t<section class=\"elementor-section elementor-top-section elementor-element elementor-element-8f93ecd elementor-section-boxed elementor-section-height-default elementor-section-height-default\" data-id=\"8f93ecd\" data-element_type=\"section\">\n\t\t\t\t\t\t<div class=\"elementor-container elementor-column-gap-default\">\n\t\t\t\t\t<div class=\"elementor-column elementor-col-100 elementor-top-column elementor-element elementor-element-7aa0b61\" data-id=\"7aa0b61\" data-element_type=\"column\" data-settings=\"{&quot;background_background&quot;:&quot;classic&quot;}\">\n\t\t\t<div class=\"elementor-widget-wrap elementor-element-populated\">\n\t\t\t\t\t\t\t\t<section class=\"elementor-section elementor-inner-section elementor-element elementor-element-75dfcd9 elementor-section-boxed elementor-section-height-default elementor-section-height-default\" data-id=\"75dfcd9\" data-element_type=\"section\">\n\t\t\t\t\t\t<div class=\"elementor-container elementor-column-gap-default\">\n\t\t\t\t\t<div class=\"elementor-column elementor-col-100 elementor-inner-column elementor-element elementor-element-1228921\" data-id=\"1228921\" data-element_type=\"column\">\n\t\t\t<div class=\"elementor-widget-wrap elementor-element-populated\">\n\t\t\t\t\t\t\t\t<div class=\"elementor-element elementor-element-d750e00 elementor-widget elementor-widget-heading\" data-id=\"d750e00\" data-element_type=\"widget\" data-widget_type=\"heading.default\">\n\t\t\t\t<div class=\"elementor-widget-container\">\n\t\t\t<style>\/*! elementor - v3.12.1 - 02-04-2023 *\/\n.elementor-heading-title{padding:0;margin:0;line-height:1}.elementor-widget-heading .elementor-heading-title[class*=elementor-size-]>a{color:inherit;font-size:inherit;line-height:inherit}.elementor-widget-heading .elementor-heading-title.elementor-size-small{font-size:15px}.elementor-widget-heading .elementor-heading-title.elementor-size-medium{font-size:19px}.elementor-widget-heading .elementor-heading-title.elementor-size-large{font-size:29px}.elementor-widget-heading .elementor-heading-title.elementor-size-xl{font-size:39px}.elementor-widget-heading .elementor-heading-title.elementor-size-xxl{font-size:59px}<\/style><h1 class=\"elementor-heading-title elementor-size-default\">Mentions l\u00e9gales<\/h1>\t\t<\/div>\n\t\t\t\t<\/div>\n\t\t\t\t<div class=\"elementor-element elementor-element-3ff8f98 elementor-widget elementor-widget-heading\" data-id=\"3ff8f98\" data-element_type=\"widget\" data-widget_type=\"heading.default\">\n\t\t\t\t<div class=\"elementor-widget-container\">\n\t\t\t<h2 class=\"elementor-heading-title elementor-size-default\">D\u00e9finitions<\/h2>\t\t<\/div>\n\t\t\t\t<\/div>\n\t\t\t\t<div class=\"elementor-element elementor-element-2632caa elementor-widget__width-initial elementor-widget elementor-widget-text-editor\" data-id=\"2632caa\" data-element_type=\"widget\" data-widget_type=\"text-editor.default\">\n\t\t\t\t<div class=\"elementor-widget-container\">\n\t\t\t<style>\/*! elementor - v3.12.1 - 02-04-2023 *\/\n.elementor-widget-text-editor.elementor-drop-cap-view-stacked .elementor-drop-cap{background-color:#69727d;color:#fff}.elementor-widget-text-editor.elementor-drop-cap-view-framed .elementor-drop-cap{color:#69727d;border:3px solid;background-color:transparent}.elementor-widget-text-editor:not(.elementor-drop-cap-view-default) .elementor-drop-cap{margin-top:8px}.elementor-widget-text-editor:not(.elementor-drop-cap-view-default) .elementor-drop-cap-letter{width:1em;height:1em}.elementor-widget-text-editor .elementor-drop-cap{float:left;text-align:center;line-height:1;font-size:50px}.elementor-widget-text-editor .elementor-drop-cap-letter{display:inline-block}<\/style>\t\t\t\t<p><strong>Visiteur :<\/strong> Tout professionnel ou personne physique capable au sens des <em>articles 1123 et suivants du Code civil<\/em>, ou personne morale, qui visite le site objet des pr\u00e9sentes conditions g\u00e9n\u00e9rales.<\/p><p><strong>Prestations et Services :<\/strong> https:\/\/musubi-nima.com met \u00e0 disposition des utilisateurs.<\/p><p><strong>Contenu :<\/strong> Ensemble des \u00e9l\u00e9ments constituants l\u2019information pr\u00e9sente sur le Site, notamment textes \u2013 images \u2013 vid\u00e9os.<\/p><p><strong>Informations visiteurs<\/strong> : Ci-apr\u00e8s d\u00e9nomm\u00e9 \u00ab Information (s) \u00bb qui correspondent \u00e0 l\u2019ensemble des donn\u00e9es personnelles susceptibles d\u2019\u00eatre d\u00e9tenues par https:\/\/musubi-nima.com pour la gestion de la relation et \u00e0 des fins d\u2019analyses et de statistiques.<\/p><p><strong>Utilisateur :<\/strong> Internaute se connectant, utilisant le site susnomm\u00e9.<\/p><p><strong>Informations personnelles :<\/strong> \u00ab Les informations qui permettent, sous quelque forme que ce soit, directement ou non, l&rsquo;identification des personnes physiques auxquelles elles s&rsquo;appliquent \u00bb (<em>article 4 de la loi n\u00b0 78-17 du 6 janvier 1978<\/em>).<\/p><p><strong>Les termes \u00ab donn\u00e9es \u00e0 caract\u00e8re personnel \u00bb, \u00ab personne concern\u00e9e \u00bb, \u00ab sous-traitant \u00bb et \u00ab donn\u00e9es sensibles \u00bb<\/strong> ont le sens d\u00e9fini par le R\u00e8glement G\u00e9n\u00e9ral sur la Protection des Donn\u00e9es (RGPD : n\u00b0 2016-679)<\/p>\t\t\t\t\t\t<\/div>\n\t\t\t\t<\/div>\n\t\t\t\t<div class=\"elementor-element elementor-element-590e0d2 elementor-widget elementor-widget-spacer\" data-id=\"590e0d2\" data-element_type=\"widget\" data-widget_type=\"spacer.default\">\n\t\t\t\t<div class=\"elementor-widget-container\">\n\t\t\t<style>\/*! elementor - v3.12.1 - 02-04-2023 *\/\n.elementor-column .elementor-spacer-inner{height:var(--spacer-size)}.e-con{--container-widget-width:100%}.e-con-inner>.elementor-widget-spacer,.e-con>.elementor-widget-spacer{width:var(--container-widget-width,var(--spacer-size));--align-self:var(--container-widget-align-self,initial);--flex-shrink:0}.e-con-inner>.elementor-widget-spacer>.elementor-widget-container,.e-con-inner>.elementor-widget-spacer>.elementor-widget-container>.elementor-spacer,.e-con>.elementor-widget-spacer>.elementor-widget-container,.e-con>.elementor-widget-spacer>.elementor-widget-container>.elementor-spacer{height:100%}.e-con-inner>.elementor-widget-spacer>.elementor-widget-container>.elementor-spacer>.elementor-spacer-inner,.e-con>.elementor-widget-spacer>.elementor-widget-container>.elementor-spacer>.elementor-spacer-inner{height:var(--container-widget-height,var(--spacer-size))}<\/style>\t\t<div class=\"elementor-spacer\">\n\t\t\t<div class=\"elementor-spacer-inner\"><\/div>\n\t\t<\/div>\n\t\t\t\t<\/div>\n\t\t\t\t<\/div>\n\t\t\t\t<div class=\"elementor-element elementor-element-b5e6c1a elementor-widget elementor-widget-heading\" data-id=\"b5e6c1a\" data-element_type=\"widget\" data-widget_type=\"heading.default\">\n\t\t\t\t<div class=\"elementor-widget-container\">\n\t\t\t<h2 class=\"elementor-heading-title elementor-size-default\">1. Pr\u00e9sentation du site internet<\/h2>\t\t<\/div>\n\t\t\t\t<\/div>\n\t\t\t\t<div class=\"elementor-element elementor-element-e0dbbee elementor-widget__width-initial elementor-widget elementor-widget-text-editor\" data-id=\"e0dbbee\" data-element_type=\"widget\" data-widget_type=\"text-editor.default\">\n\t\t\t\t<div class=\"elementor-widget-container\">\n\t\t\t\t\t\t\t<p>En vertu de <em>l&rsquo;article 6 de la loi n\u00b0 2004-575 du 21 juin 2004<\/em> pour la confiance dans l&rsquo;\u00e9conomie num\u00e9rique, il est pr\u00e9cis\u00e9 aux utilisateurs du site internet <em><strong>https:\/\/musubi-nima.com<\/strong><\/em> l&rsquo;identit\u00e9 des diff\u00e9rents intervenants dans le cadre de sa r\u00e9alisation et de son suivi :<\/p><p><strong>Propri\u00e9taire :<\/strong> Musubi repr\u00e9sent\u00e9 par <em>RHORBAL Sophie<\/em> et <em>MAH\u00c9 Gurvan<\/em> &#8211; contact@musubi-nima.com<\/p><p><strong>Responsable publication :<\/strong> RHORBAL Sophie qui\u00a0est une personne physique.<\/p><p><strong>Webmaster :<\/strong> MAH\u00c9 Gurvan<\/p><p><strong>H\u00e9bergeur :<\/strong> Hostinger \u2013 61 Lordou Vironos st. 6023 Larnaca en CHYPRE\u00a0pouvant \u00eatre contact\u00e9 \u00e0 cette adresse : <a href=\"https:\/\/www.hostinger.fr\/contact\">https:\/\/www.hostinger.fr\/contact<\/a>.<\/p>\t\t\t\t\t\t<\/div>\n\t\t\t\t<\/div>\n\t\t\t\t<div class=\"elementor-element elementor-element-27875d8 elementor-widget elementor-widget-spacer\" data-id=\"27875d8\" data-element_type=\"widget\" data-widget_type=\"spacer.default\">\n\t\t\t\t<div class=\"elementor-widget-container\">\n\t\t\t\t\t<div class=\"elementor-spacer\">\n\t\t\t<div class=\"elementor-spacer-inner\"><\/div>\n\t\t<\/div>\n\t\t\t\t<\/div>\n\t\t\t\t<\/div>\n\t\t\t\t<div class=\"elementor-element elementor-element-101c148 elementor-widget elementor-widget-heading\" data-id=\"101c148\" data-element_type=\"widget\" data-widget_type=\"heading.default\">\n\t\t\t\t<div class=\"elementor-widget-container\">\n\t\t\t<h2 class=\"elementor-heading-title elementor-size-default\">2. Propri\u00e9t\u00e9 intellectuelle et contrefa\u00e7ons.<\/h2>\t\t<\/div>\n\t\t\t\t<\/div>\n\t\t\t\t<div class=\"elementor-element elementor-element-00df6da elementor-widget__width-initial elementor-widget elementor-widget-text-editor\" data-id=\"00df6da\" data-element_type=\"widget\" data-widget_type=\"text-editor.default\">\n\t\t\t\t<div class=\"elementor-widget-container\">\n\t\t\t\t\t\t\t<p>Musubi est propri\u00e9taire des droits de propri\u00e9t\u00e9 intellectuelle et d\u00e9tient les droits d\u2019usage sur tous les \u00e9l\u00e9ments accessibles sur le site internet, notamment les textes, images, graphismes, logos, vid\u00e9os, ic\u00f4nes et sons.<br \/>Toute reproduction, repr\u00e9sentation, modification, publication, adaptation de tout ou partie des \u00e9l\u00e9ments du site, quel que soit le moyen ou le proc\u00e9d\u00e9 utilis\u00e9, est interdite, sauf autorisation \u00e9crite pr\u00e9alable de : Musubi.<br \/>Toute exploitation non autoris\u00e9e du site ou de l\u2019un quelconque des \u00e9l\u00e9ments qu\u2019il contient sera consid\u00e9r\u00e9e comme constitutive d\u2019une contrefa\u00e7on et poursuivie conform\u00e9ment aux dispositions des articles L.335-2 et suivants du Code de Propri\u00e9t\u00e9 Intellectuelle.<\/p>\t\t\t\t\t\t<\/div>\n\t\t\t\t<\/div>\n\t\t\t\t<div class=\"elementor-element elementor-element-9181799 elementor-widget elementor-widget-spacer\" data-id=\"9181799\" data-element_type=\"widget\" data-widget_type=\"spacer.default\">\n\t\t\t\t<div class=\"elementor-widget-container\">\n\t\t\t\t\t<div class=\"elementor-spacer\">\n\t\t\t<div class=\"elementor-spacer-inner\"><\/div>\n\t\t<\/div>\n\t\t\t\t<\/div>\n\t\t\t\t<\/div>\n\t\t\t\t<div class=\"elementor-element elementor-element-aebd42f elementor-widget elementor-widget-heading\" data-id=\"aebd42f\" data-element_type=\"widget\" data-widget_type=\"heading.default\">\n\t\t\t\t<div class=\"elementor-widget-container\">\n\t\t\t<h2 class=\"elementor-heading-title elementor-size-default\">3. Limitation de responsabilit\u00e9<\/h2>\t\t<\/div>\n\t\t\t\t<\/div>\n\t\t\t\t<div class=\"elementor-element elementor-element-d164d22 elementor-widget__width-initial elementor-widget elementor-widget-text-editor\" data-id=\"d164d22\" data-element_type=\"widget\" data-widget_type=\"text-editor.default\">\n\t\t\t\t<div class=\"elementor-widget-container\">\n\t\t\t\t\t\t\t<p>Musubi agit en tant qu\u2019\u00e9diteur du site et est responsable de la qualit\u00e9 et de la v\u00e9racit\u00e9 du contenu qu\u2019il publie.<br \/>Musubi ne pourra \u00eatre tenu responsable des dommages directs et indirects caus\u00e9s au mat\u00e9riel de l\u2019utilisateur, lors de l\u2019acc\u00e8s au site internet <strong>https:\/\/musubi-nima.com,<\/strong> et r\u00e9sultant soit de l\u2019utilisation d\u2019un mat\u00e9riel ne r\u00e9pondant pas aux sp\u00e9cifications indiqu\u00e9es dans les <a href=\"https:\/\/musubi-nima.com\/index.php\/conditions-generales-dutilisation\/\">conditions g\u00e9n\u00e9rales d&rsquo;utilisation<\/a>, soit de l\u2019apparition d\u2019un bug ou d\u2019une incompatibilit\u00e9.<\/p><p>Musubi ne pourra \u00e9galement \u00eatre tenu responsable des dommages indirects (tels par exemple qu\u2019une perte de march\u00e9 ou perte d\u2019une chance) cons\u00e9cutifs \u00e0 l\u2019utilisation du site <strong>https:\/\/musubi-nima.com<\/strong>. <br \/>L\u2019utilisateur a la possibilit\u00e9 de poser des questions dans l\u2019espace d\u00e9di\u00e9 \u00e0 la d\u00e9monstration d\u2019int\u00e9r\u00eat au projet. <br \/>Musubi se r\u00e9serve le droit de supprimer ou de ne pas tenir compte, sans mise en demeure pr\u00e9alable, tout contenu transmis depuis cet espace qui contreviendrait \u00e0 la l\u00e9gislation applicable en France, en particulier aux dispositions relatives \u00e0 la protection des donn\u00e9es. <br \/>Le cas \u00e9ch\u00e9ant, Musubi se r\u00e9serve \u00e9galement la possibilit\u00e9 de mettre en cause la responsabilit\u00e9 civile et\/ou p\u00e9nale de l\u2019utilisateur, notamment en cas de message \u00e0 caract\u00e8re raciste, injurieux, diffamant, ou pornographique, quel que soit le support utilis\u00e9 (texte, photographie \u2026).<\/p>\t\t\t\t\t\t<\/div>\n\t\t\t\t<\/div>\n\t\t\t\t<div class=\"elementor-element elementor-element-3b54df5 elementor-widget elementor-widget-spacer\" data-id=\"3b54df5\" data-element_type=\"widget\" data-widget_type=\"spacer.default\">\n\t\t\t\t<div class=\"elementor-widget-container\">\n\t\t\t\t\t<div class=\"elementor-spacer\">\n\t\t\t<div class=\"elementor-spacer-inner\"><\/div>\n\t\t<\/div>\n\t\t\t\t<\/div>\n\t\t\t\t<\/div>\n\t\t\t\t<div class=\"elementor-element elementor-element-b94f770 elementor-widget elementor-widget-heading\" data-id=\"b94f770\" data-element_type=\"widget\" data-widget_type=\"heading.default\">\n\t\t\t\t<div class=\"elementor-widget-container\">\n\t\t\t<h2 class=\"elementor-heading-title elementor-size-default\">4. Gestion des donn\u00e9es personnelles<\/h2>\t\t<\/div>\n\t\t\t\t<\/div>\n\t\t\t\t<div class=\"elementor-element elementor-element-542f666 elementor-widget__width-initial elementor-widget elementor-widget-text-editor\" data-id=\"542f666\" data-element_type=\"widget\" data-widget_type=\"text-editor.default\">\n\t\t\t\t<div class=\"elementor-widget-container\">\n\t\t\t\t\t\t\t<p>Le Visiteur est inform\u00e9 des r\u00e9glementations concernant la communication marketing, la loi du 21 Juin 2014 pour la confiance dans l\u2019Economie Num\u00e9rique, la Loi Informatique et Libert\u00e9 du 06 Ao\u00fbt 2004 ainsi que du R\u00e8glement G\u00e9n\u00e9ral sur la Protection des Donn\u00e9es (RGPD : n\u00b0 2016-679). L&rsquo;ensemble des informations concernant les donn\u00e9es personnelles sont d\u00e9crites dans la page <a href=\"https:\/\/musubi-nima.com\/index.php\/politique-de-confidentialite-2\/\">Politique de confidentialit\u00e9.<\/a><\/p>\t\t\t\t\t\t<\/div>\n\t\t\t\t<\/div>\n\t\t\t\t<div class=\"elementor-element elementor-element-67d53c3 elementor-widget elementor-widget-spacer\" data-id=\"67d53c3\" data-element_type=\"widget\" data-widget_type=\"spacer.default\">\n\t\t\t\t<div class=\"elementor-widget-container\">\n\t\t\t\t\t<div class=\"elementor-spacer\">\n\t\t\t<div class=\"elementor-spacer-inner\"><\/div>\n\t\t<\/div>\n\t\t\t\t<\/div>\n\t\t\t\t<\/div>\n\t\t\t\t<div class=\"elementor-element elementor-element-a6f2ed9 elementor-widget elementor-widget-heading\" data-id=\"a6f2ed9\" data-element_type=\"widget\" data-widget_type=\"heading.default\">\n\t\t\t\t<div class=\"elementor-widget-container\">\n\t\t\t<h2 class=\"elementor-heading-title elementor-size-default\">5. Droit applicable et attribution de juridiction<\/h2>\t\t<\/div>\n\t\t\t\t<\/div>\n\t\t\t\t<div class=\"elementor-element elementor-element-231367b elementor-widget__width-initial elementor-widget elementor-widget-text-editor\" data-id=\"231367b\" data-element_type=\"widget\" data-widget_type=\"text-editor.default\">\n\t\t\t\t<div class=\"elementor-widget-container\">\n\t\t\t\t\t\t\t<p>Tout litige en relation avec l\u2019utilisation du site<strong> musubi-nima.com<\/strong> est soumis au droit fran\u00e7ais.<\/p><p>En dehors des cas o\u00f9 la loi ne le permet pas, il est fait attribution exclusive de juridiction aux tribunaux comp\u00e9tents.<\/p>\t\t\t\t\t\t<\/div>\n\t\t\t\t<\/div>\n\t\t\t\t<div class=\"elementor-element elementor-element-f7b8a43 elementor-widget elementor-widget-spacer\" data-id=\"f7b8a43\" data-element_type=\"widget\" data-widget_type=\"spacer.default\">\n\t\t\t\t<div class=\"elementor-widget-container\">\n\t\t\t\t\t<div class=\"elementor-spacer\">\n\t\t\t<div class=\"elementor-spacer-inner\"><\/div>\n\t\t<\/div>\n\t\t\t\t<\/div>\n\t\t\t\t<\/div>\n\t\t\t\t\t<\/div>\n\t\t<\/div>\n\t\t\t\t\t\t\t<\/div>\n\t\t<\/section>\n\t\t\t\t\t<\/div>\n\t\t<\/div>\n\t\t\t\t\t\t\t<\/div>\n\t\t<\/section>\n\t\t\t\t<section class=\"elementor-section elementor-top-section elementor-element elementor-element-3c6f65a elementor-section-height-min-height elementor-section-boxed elementor-section-height-default elementor-section-items-middle\" data-id=\"3c6f65a\" data-element_type=\"section\">\n\t\t\t\t\t\t<div class=\"elementor-container elementor-column-gap-default\">\n\t\t\t\t\t<div class=\"elementor-column elementor-col-100 elementor-top-column elementor-element elementor-element-de4df31\" data-id=\"de4df31\" data-element_type=\"column\">\n\t\t\t<div class=\"elementor-widget-wrap\">\n\t\t\t\t\t\t\t\t\t<\/div>\n\t\t<\/div>\n\t\t\t\t\t\t\t<\/div>\n\t\t<\/section>\n\t\t\t\t\t\t\t<\/div>\n\t\t","protected":false},"excerpt":{"rendered":"<p>Mentions l\u00e9gales D\u00e9finitions Visiteur : Tout professionnel ou personne physique capable au sens des articles 1123 et suivants du Code civil, ou personne morale, qui visite le site objet des pr\u00e9sentes conditions g\u00e9n\u00e9rales. Prestations et Services : https:\/\/musubi-nima.com met \u00e0 disposition des utilisateurs. Contenu : Ensemble des \u00e9l\u00e9ments constituants l\u2019information pr\u00e9sente sur le Site, notamment &hellip;<\/p>\n<p class=\"read-more\"> <a class=\"\" href=\"https:\/\/musubi-nima.com\/index.php\/elementor-3015\/\"> <span class=\"screen-reader-text\">Mentions l\u00e9gales<\/span> Lire la suite\u00a0\u00bb<\/a><\/p>\n","protected":false},"author":1,"featured_media":0,"parent":0,"menu_order":0,"comment_status":"closed","ping_status":"closed","template":"","meta":{"inline_featured_image":false,"site-sidebar-layout":"no-sidebar","site-content-layout":"page-builder","ast-global-header-display":"","ast-main-header-display":"","ast-hfb-above-header-display":"","ast-hfb-below-header-display":"","ast-hfb-mobile-header-display":"","site-post-title":"disabled","ast-breadcrumbs-content":"","ast-featured-img":"disabled","footer-sml-layout":"","theme-transparent-header-meta":"","adv-header-id-meta":"","stick-header-meta":"","header-above-stick-meta":"","header-main-stick-meta":"","header-below-stick-meta":""},"yoast_head":"<!-- This site is optimized with the Yoast SEO plugin v20.5 - https:\/\/yoast.com\/wordpress\/plugins\/seo\/ -->\n<title>Mentions l\u00e9gales - Musubi<\/title>\n<meta name=\"robots\" content=\"index, follow, max-snippet:-1, max-image-preview:large, max-video-preview:-1\" \/>\n<link rel=\"canonical\" href=\"https:\/\/musubi-nima.com\/index.php\/elementor-3015\/\" \/>\n<meta property=\"og:locale\" content=\"fr_FR\" \/>\n<meta property=\"og:type\" content=\"article\" \/>\n<meta property=\"og:title\" content=\"Mentions l\u00e9gales - Musubi\" \/>\n<meta property=\"og:description\" content=\"Mentions l\u00e9gales D\u00e9finitions Visiteur : Tout professionnel ou personne physique capable au sens des articles 1123 et suivants du Code civil, ou personne morale, qui visite le site objet des pr\u00e9sentes conditions g\u00e9n\u00e9rales. Prestations et Services : https:\/\/musubi-nima.com met \u00e0 disposition des utilisateurs. Contenu : Ensemble des \u00e9l\u00e9ments constituants l\u2019information pr\u00e9sente sur le Site, notamment &hellip; Mentions l\u00e9gales Lire la suite\u00a0\u00bb\" \/>\n<meta property=\"og:url\" content=\"https:\/\/musubi-nima.com\/index.php\/elementor-3015\/\" \/>\n<meta property=\"og:site_name\" content=\"Musubi\" \/>\n<meta property=\"article:modified_time\" content=\"2022-04-18T12:13:17+00:00\" \/>\n<meta name=\"twitter:card\" content=\"summary_large_image\" \/>\n<meta name=\"twitter:label1\" content=\"Dur\u00e9e de lecture estim\u00e9e\" \/>\n\t<meta name=\"twitter:data1\" content=\"4 minutes\" \/>\n<script type=\"application\/ld+json\" class=\"yoast-schema-graph\">{\"@context\":\"https:\/\/schema.org\",\"@graph\":[{\"@type\":\"WebPage\",\"@id\":\"https:\/\/musubi-nima.com\/index.php\/elementor-3015\/\",\"url\":\"https:\/\/musubi-nima.com\/index.php\/elementor-3015\/\",\"name\":\"Mentions l\u00e9gales - Musubi\",\"isPartOf\":{\"@id\":\"https:\/\/musubi-nima.com\/#website\"},\"datePublished\":\"2022-04-06T10:42:25+00:00\",\"dateModified\":\"2022-04-18T12:13:17+00:00\",\"breadcrumb\":{\"@id\":\"https:\/\/musubi-nima.com\/index.php\/elementor-3015\/#breadcrumb\"},\"inLanguage\":\"fr-FR\",\"potentialAction\":[{\"@type\":\"ReadAction\",\"target\":[\"https:\/\/musubi-nima.com\/index.php\/elementor-3015\/\"]}]},{\"@type\":\"BreadcrumbList\",\"@id\":\"https:\/\/musubi-nima.com\/index.php\/elementor-3015\/#breadcrumb\",\"itemListElement\":[{\"@type\":\"ListItem\",\"position\":1,\"name\":\"Accueil\",\"item\":\"https:\/\/musubi-nima.com\/\"},{\"@type\":\"ListItem\",\"position\":2,\"name\":\"Mentions l\u00e9gales\"}]},{\"@type\":\"WebSite\",\"@id\":\"https:\/\/musubi-nima.com\/#website\",\"url\":\"https:\/\/musubi-nima.com\/\",\"name\":\"Musubi\",\"description\":\"Rencontrez des gamers qui vous ressemblent\",\"publisher\":{\"@id\":\"https:\/\/musubi-nima.com\/#organization\"},\"potentialAction\":[{\"@type\":\"SearchAction\",\"target\":{\"@type\":\"EntryPoint\",\"urlTemplate\":\"https:\/\/musubi-nima.com\/?s={search_term_string}\"},\"query-input\":\"required name=search_term_string\"}],\"inLanguage\":\"fr-FR\"},{\"@type\":\"Organization\",\"@id\":\"https:\/\/musubi-nima.com\/#organization\",\"name\":\"Musubi\",\"url\":\"https:\/\/musubi-nima.com\/\",\"logo\":{\"@type\":\"ImageObject\",\"inLanguage\":\"fr-FR\",\"@id\":\"https:\/\/musubi-nima.com\/#\/schema\/logo\/image\/\",\"url\":\"https:\/\/musubi-nima.com\/wp-content\/uploads\/2022\/03\/logoMusubi.svg\",\"contentUrl\":\"https:\/\/musubi-nima.com\/wp-content\/uploads\/2022\/03\/logoMusubi.svg\",\"width\":180,\"height\":60,\"caption\":\"Musubi\"},\"image\":{\"@id\":\"https:\/\/musubi-nima.com\/#\/schema\/logo\/image\/\"}}]}<\/script>\n<!-- \/ Yoast SEO plugin. -->","yoast_head_json":{"title":"Mentions l\u00e9gales - Musubi","robots":{"index":"index","follow":"follow","max-snippet":"max-snippet:-1","max-image-preview":"max-image-preview:large","max-video-preview":"max-video-preview:-1"},"canonical":"https:\/\/musubi-nima.com\/index.php\/elementor-3015\/","og_locale":"fr_FR","og_type":"article","og_title":"Mentions l\u00e9gales - Musubi","og_description":"Mentions l\u00e9gales D\u00e9finitions Visiteur : Tout professionnel ou personne physique capable au sens des articles 1123 et suivants du Code civil, ou personne morale, qui visite le site objet des pr\u00e9sentes conditions g\u00e9n\u00e9rales. Prestations et Services : https:\/\/musubi-nima.com met \u00e0 disposition des utilisateurs. Contenu : Ensemble des \u00e9l\u00e9ments constituants l\u2019information pr\u00e9sente sur le Site, notamment &hellip; Mentions l\u00e9gales Lire la suite\u00a0\u00bb","og_url":"https:\/\/musubi-nima.com\/index.php\/elementor-3015\/","og_site_name":"Musubi","article_modified_time":"2022-04-18T12:13:17+00:00","twitter_card":"summary_large_image","twitter_misc":{"Dur\u00e9e de lecture estim\u00e9e":"4 minutes"},"schema":{"@context":"https:\/\/schema.org","@graph":[{"@type":"WebPage","@id":"https:\/\/musubi-nima.com\/index.php\/elementor-3015\/","url":"https:\/\/musubi-nima.com\/index.php\/elementor-3015\/","name":"Mentions l\u00e9gales - Musubi","isPartOf":{"@id":"https:\/\/musubi-nima.com\/#website"},"datePublished":"2022-04-06T10:42:25+00:00","dateModified":"2022-04-18T12:13:17+00:00","breadcrumb":{"@id":"https:\/\/musubi-nima.com\/index.php\/elementor-3015\/#breadcrumb"},"inLanguage":"fr-FR","potentialAction":[{"@type":"ReadAction","target":["https:\/\/musubi-nima.com\/index.php\/elementor-3015\/"]}]},{"@type":"BreadcrumbList","@id":"https:\/\/musubi-nima.com\/index.php\/elementor-3015\/#breadcrumb","itemListElement":[{"@type":"ListItem","position":1,"name":"Accueil","item":"https:\/\/musubi-nima.com\/"},{"@type":"ListItem","position":2,"name":"Mentions l\u00e9gales"}]},{"@type":"WebSite","@id":"https:\/\/musubi-nima.com\/#website","url":"https:\/\/musubi-nima.com\/","name":"Musubi","description":"Rencontrez des gamers qui vous ressemblent","publisher":{"@id":"https:\/\/musubi-nima.com\/#organization"},"potentialAction":[{"@type":"SearchAction","target":{"@type":"EntryPoint","urlTemplate":"https:\/\/musubi-nima.com\/?s={search_term_string}"},"query-input":"required name=search_term_string"}],"inLanguage":"fr-FR"},{"@type":"Organization","@id":"https:\/\/musubi-nima.com\/#organization","name":"Musubi","url":"https:\/\/musubi-nima.com\/","logo":{"@type":"ImageObject","inLanguage":"fr-FR","@id":"https:\/\/musubi-nima.com\/#\/schema\/logo\/image\/","url":"https:\/\/musubi-nima.com\/wp-content\/uploads\/2022\/03\/logoMusubi.svg","contentUrl":"https:\/\/musubi-nima.com\/wp-content\/uploads\/2022\/03\/logoMusubi.svg","width":180,"height":60,"caption":"Musubi"},"image":{"@id":"https:\/\/musubi-nima.com\/#\/schema\/logo\/image\/"}}]}},"_links":{"self":[{"href":"https:\/\/musubi-nima.com\/index.php\/wp-json\/wp\/v2\/pages\/3015"}],"collection":[{"href":"https:\/\/musubi-nima.com\/index.php\/wp-json\/wp\/v2\/pages"}],"about":[{"href":"https:\/\/musubi-nima.com\/index.php\/wp-json\/wp\/v2\/types\/page"}],"author":[{"embeddable":true,"href":"https:\/\/musubi-nima.com\/index.php\/wp-json\/wp\/v2\/users\/1"}],"replies":[{"embeddable":true,"href":"https:\/\/musubi-nima.com\/index.php\/wp-json\/wp\/v2\/comments?post=3015"}],"version-history":[{"count":40,"href":"https:\/\/musubi-nima.com\/index.php\/wp-json\/wp\/v2\/pages\/3015\/revisions"}],"predecessor-version":[{"id":3594,"href":"https:\/\/musubi-nima.com\/index.php\/wp-json\/wp\/v2\/pages\/3015\/revisions\/3594"}],"wp:attachment":[{"href":"https:\/\/musubi-nima.com\/index.php\/wp-json\/wp\/v2\/media?parent=3015"}],"curies":[{"name":"wp","href":"https:\/\/api.w.org\/{rel}","templated":true}]}}